{"id":1283,"date":"2026-02-11T13:00:45","date_gmt":"2026-02-11T12:00:45","guid":{"rendered":"https:\/\/legadife.com\/?page_id=1283"},"modified":"2026-03-05T11:38:08","modified_gmt":"2026-03-05T10:38:08","slug":"willkommen","status":"publish","type":"page","link":"https:\/\/legadife.com\/de\/","title":{"rendered":"Willkommen"},"content":{"rendered":"[vc_row type=&#8220;in_container&#8220; full_screen_row_position=&#8220;middle&#8220; column_margin=&#8220;default&#8220; equal_height=&#8220;yes&#8220; content_placement=&#8220;middle&#8220; column_direction=&#8220;default&#8220; column_direction_tablet=&#8220;default&#8220; column_direction_phone=&#8220;default&#8220; bg_image=&#8220;149&#8243; bg_image_type=&#8220;default&#8220; bg_position=&#8220;center center&#8220; background_image_loading=&#8220;default&#8220; bg_repeat=&#8220;no-repeat&#8220; scene_position=&#8220;center&#8220; text_color=&#8220;dark&#8220; text_align=&#8220;center&#8220; row_border_radius=&#8220;none&#8220; row_border_radius_applies=&#8220;bg&#8220; row_position_desktop=&#8220;default&#8220; row_position_tablet=&#8220;inherit&#8220; row_position_phone=&#8220;inherit&#8220; overflow=&#8220;hidden&#8220; class=&#8220;lg-hero-row&#8220; overlay_strength=&#8220;0.3&#8243; gradient_direction=&#8220;left_to_right&#8220; shape_divider_position=&#8220;bottom&#8220; bg_image_animation=&#8220;none&#8220; el_class=&#8220;lg lg-hero-row&#8220; gradient_type=&#8220;default&#8220; shape_type=&#8220;&#8220;][vc_column column_padding=&#8220;no-extra-padding&#8220; column_padding_tablet=&#8220;inherit&#8220; column_padding_phone=&#8220;inherit&#8220; column_padding_position=&#8220;all&#8220; flex_gap_desktop=&#8220;10px&#8220; column_element_direction_desktop=&#8220;default&#8220; column_element_spacing=&#8220;default&#8220; desktop_text_alignment=&#8220;default&#8220; tablet_text_alignment=&#8220;default&#8220; phone_text_alignment=&#8220;default&#8220; background_color_opacity=&#8220;1&#8243; background_hover_color_opacity=&#8220;1&#8243; column_backdrop_filter=&#8220;none&#8220; column_shadow=&#8220;none&#8220; column_border_radius=&#8220;none&#8220; column_link_target=&#8220;_self&#8220; column_position=&#8220;default&#8220; el_class=&#8220;lg&#8220; gradient_direction=&#8220;left_to_right&#8220; overlay_strength=&#8220;0.3&#8243; width=&#8220;1\/1&#8243; tablet_width_inherit=&#8220;default&#8220; animation_type=&#8220;default&#8220; bg_image_animation=&#8220;none&#8220; border_type=&#8220;simple&#8220; column_border_width=&#8220;none&#8220; column_border_style=&#8220;solid&#8220;][vc_custom_heading text=&#8220;Le Gadif\u00e9&#8220; font_container=&#8220;tag:h1|text_align:center&#8220; el_class=&#8220;lg-h1&#8243;][vc_column_text css=&#8220;&#8220; el_class=&#8220;lg-hero-text&#8220; text_direction=&#8220;default&#8220;]Ruhig gelegenes Ferienhaus auf dem Land nahe Domme f\u00fcr bis zu 6 Personen \u2013 entspannt, hundefreundlich und pers\u00f6nlich betreut von Sandra und Michael, die gleich nebenan wohnen.[\/vc_column_text][vc_column_text css=&#8220;&#8220; text_direction=&#8220;default&#8220;]\n<div class=\"lg-btnrow\"><a class=\"lg-btn lg-btn-primary\" href=\"https:\/\/legadife.com\/de\/preise-verfuegbarkeit\/\">Preise &amp; Verf\u00fcgbarkeit pr\u00fcfen<\/a><br \/>\n<a class=\"lg-btn lg-btn-secondary\" href=\"https:\/\/legadife.com\/de\/unser-haus\/\">Unser Haus entdecken<\/a><\/div>\n[\/vc_column_text][\/vc_column][\/vc_row][vc_row type=&#8220;in_container&#8220; full_screen_row_position=&#8220;middle&#8220; column_margin=&#8220;default&#8220; column_direction=&#8220;default&#8220; column_direction_tablet=&#8220;default&#8220; column_direction_phone=&#8220;default&#8220; scene_position=&#8220;center&#8220; top_padding=&#8220;30&#8243; text_color=&#8220;dark&#8220; text_align=&#8220;left&#8220; row_border_radius=&#8220;none&#8220; row_border_radius_applies=&#8220;bg&#8220; row_position_desktop=&#8220;default&#8220; row_position_tablet=&#8220;inherit&#8220; row_position_phone=&#8220;inherit&#8220; overflow=&#8220;visible&#8220; class=&#8220;lg lg-section&#8220; overlay_strength=&#8220;0.3&#8243; gradient_direction=&#8220;left_to_right&#8220; shape_divider_position=&#8220;bottom&#8220; bg_image_animation=&#8220;none&#8220; el_class=&#8220;lg lg-section&#8220; gradient_type=&#8220;default&#8220; shape_type=&#8220;&#8220;][vc_column column_padding=&#8220;no-extra-padding&#8220; column_padding_tablet=&#8220;inherit&#8220; column_padding_phone=&#8220;inherit&#8220; column_padding_position=&#8220;all&#8220; flex_gap_desktop=&#8220;10px&#8220; column_element_direction_desktop=&#8220;default&#8220; column_element_spacing=&#8220;default&#8220; desktop_text_alignment=&#8220;default&#8220; tablet_text_alignment=&#8220;default&#8220; phone_text_alignment=&#8220;default&#8220; background_color_opacity=&#8220;1&#8243; background_hover_color_opacity=&#8220;1&#8243; column_backdrop_filter=&#8220;none&#8220; column_shadow=&#8220;none&#8220; column_border_radius=&#8220;none&#8220; column_link_target=&#8220;_self&#8220; column_position=&#8220;default&#8220; gradient_direction=&#8220;left_to_right&#8220; overlay_strength=&#8220;0.3&#8243; width=&#8220;1\/1&#8243; tablet_width_inherit=&#8220;default&#8220; animation_type=&#8220;default&#8220; bg_image_animation=&#8220;none&#8220; border_type=&#8220;simple&#8220; column_border_width=&#8220;none&#8220; column_border_style=&#8220;solid&#8220;][vc_column_text css=&#8220;&#8220; text_direction=&#8220;default&#8220;]\n<div class=\"lg-narrow lg-stack\">\n<h2 class=\"lg-h2\">Ein ruhiges, hundefreundliches Zuhause<\/h2>\n<p class=\"lg-text\">Eingebettet in ein gr\u00fcnes Tal zwischen Domme und Grol\u00e9jac ist Le Gadif\u00e9 ein unkompliziertes, hundefreundliches Ferienhaus mit viel Platz, Licht und Natur rundherum. Es ist eine entspannte Ausgangsbasis, um die Dordogne zu entdecken \u2013 und f\u00fchlt sich eher an wie das Landhaus von Freunden als wie ein Hotel.<\/p>\n<\/div>\n<div class=\"lg-container\">\n<div class=\"lg-features\">\n<div class=\"lg-feature\">\n<p class=\"lg-kicker\">Unser Haus<\/p>\n<h3 class=\"lg-h3\">L\u00e4ssiger Komfort<\/h3>\n<p class=\"lg-text\">Ein praktisches, entspanntes Ferienhaus mit viel Raum zum Ausbreiten, gem\u00fctlichen Ecken im Inneren und einem hellen Wohnbereich, der direkt auf die Terrasse f\u00fchrt.<\/p>\n<\/div>\n<div class=\"lg-feature\">\n<p class=\"lg-kicker\">Drau\u00dfen<\/p>\n<h3 class=\"lg-h3\">Viel Platz zum Toben<\/h3>\n<p class=\"lg-text\">Gro\u00dfes, vollst\u00e4ndig eingez\u00e4untes Grundst\u00fcck mit B\u00e4umen, Rasen und Blick auf die umliegende Landschaft \u2013 ideal f\u00fcr Hunde, Kinder und langsame Morgen an der frischen Luft.<\/p>\n<\/div>\n<div class=\"lg-feature\">\n<p class=\"lg-kicker\">Lage<\/p>\n<h3 class=\"lg-h3\">Im Herzen der Dordogne<\/h3>\n<p class=\"lg-text\">Ruhige Lage auf dem Land, direkt vor den Toren von Domme, mit der Dordogne, Wochenm\u00e4rkten und D\u00f6rfern nur eine kurze Autofahrt entfernt.<\/p>\n<\/div>\n<\/div>\n<\/div>\n[\/vc_column_text][\/vc_column][\/vc_row][vc_row type=&#8220;in_container&#8220; full_screen_row_position=&#8220;middle&#8220; column_margin=&#8220;default&#8220; column_direction=&#8220;default&#8220; column_direction_tablet=&#8220;default&#8220; column_direction_phone=&#8220;default&#8220; scene_position=&#8220;center&#8220; top_padding=&#8220;45&#8243; text_color=&#8220;dark&#8220; text_align=&#8220;left&#8220; row_border_radius=&#8220;none&#8220; row_border_radius_applies=&#8220;bg&#8220; row_position_desktop=&#8220;default&#8220; row_position_tablet=&#8220;inherit&#8220; row_position_phone=&#8220;inherit&#8220; overflow=&#8220;visible&#8220; class=&#8220;lg-feature-section&#8220; overlay_strength=&#8220;0.3&#8243; gradient_direction=&#8220;left_to_right&#8220; shape_divider_position=&#8220;bottom&#8220; bg_image_animation=&#8220;none&#8220; el_class=&#8220;lg lg-section&#8220; gradient_type=&#8220;default&#8220; shape_type=&#8220;&#8220;][vc_column column_padding=&#8220;no-extra-padding&#8220; column_padding_tablet=&#8220;inherit&#8220; column_padding_phone=&#8220;inherit&#8220; column_padding_position=&#8220;all&#8220; flex_gap_desktop=&#8220;10px&#8220; column_element_direction_desktop=&#8220;default&#8220; column_element_spacing=&#8220;default&#8220; desktop_text_alignment=&#8220;default&#8220; tablet_text_alignment=&#8220;default&#8220; phone_text_alignment=&#8220;default&#8220; background_color_opacity=&#8220;1&#8243; background_hover_color_opacity=&#8220;1&#8243; column_backdrop_filter=&#8220;none&#8220; column_shadow=&#8220;none&#8220; column_border_radius=&#8220;none&#8220; column_link_target=&#8220;_self&#8220; column_position=&#8220;default&#8220; gradient_direction=&#8220;left_to_right&#8220; overlay_strength=&#8220;0.3&#8243; width=&#8220;1\/1&#8243; tablet_width_inherit=&#8220;default&#8220; animation_type=&#8220;default&#8220; bg_image_animation=&#8220;none&#8220; border_type=&#8220;simple&#8220; column_border_width=&#8220;none&#8220; column_border_style=&#8220;solid&#8220;][vc_raw_html css=&#8220;&#8220;]JTNDc2VjdGlvbiUyMGNsYXNzJTNEJTIybGctaW1hZ2UtdGV4dCUyMGxnLWltYWdlLXRleHQtLXNhbmRyYSUyMiUzRSUwQSUyMCUyMCUzQ2RpdiUyMGNsYXNzJTNEJTIybGctaW1hZ2UtdGV4dC1pbm5lciUyMGxnJTIyJTNFJTBBJTBBJTIwJTIwJTIwJTIwJTNDZGl2JTIwY2xhc3MlM0QlMjJsZy1pbWFnZS10ZXh0LW1lZGlhJTIyJTNFJTBBJTIwJTIwJTIwJTIwJTIwJTIwJTNDaW1nJTIwc3JjJTNEJTIyaHR0cHMlM0ElMkYlMkZsZWdhZGlmZS5jb20lMkZ3cC1jb250ZW50JTJGdXBsb2FkcyUyRjIwMjYlMkYwMiUyRm91dGRvb3JfMS5qcGclMjIlMjBhbHQlM0QlMjJUZXJyYXNzZSUyMGluJTIwTGUlMjBHYWRpZiVDMyVBOSUyMiUzRSUwQSUyMCUyMCUyMCUyMCUzQyUyRmRpdiUzRSUwQSUwQSUyMCUyMCUyMCUyMCUzQ2RpdiUyMGNsYXNzJTNEJTIybGctaW1hZ2UtdGV4dC1jb250ZW50JTIyJTNFJTBBJTIwJTIwJTIwJTIwJTIwJTIwJTNDc3BhbiUyMGNsYXNzJTNEJTIybGctZXllYnJvdyUyMiUzRURhcyUyMEhhdXMlM0MlMkZzcGFuJTNFJTBBJTIwJTIwJTIwJTIwJTIwJTIwJTNDaDIlM0VFbnRzcGFubnRlcyUyMExhbmRoYXVzJTNDJTJGaDIlM0UlMEElMEElMjAlMjAlMjAlMjAlMjAlMjAlM0NwJTNFTGUlMjBHYWRpZiVDMyVBOSUyMGlzdCUyMGVpbiUyMGVudHNwYW5udGVzJTJDJTIwaHVuZGVmcmV1bmRsaWNoZXMlMjBGZXJpZW5oYXVzJTIwaW4lMjBkZXIlMjBOJUMzJUE0aGUlMjB2b24lMjBEb21tZSUyMCVFMiU4MCU5MyUyMG1pdCUyMHZpZWwlMjBQbGF0eiUyMHp1bSUyMEF1c2JyZWl0ZW4lMkMlMjBnZW1laW5zYW0lMjBLb2NoZW4lMjB1bmQlMjB1bSUyMGRlbiUyMGdhbnplbiUyMFRhZyUyMCVDMyVCQ2JlciUyMG0lQzMlQkNoZWxvcyUyMHp3aXNjaGVuJTIwZHJpbm5lbiUyMHVuZCUyMGRyYXUlQzMlOUZlbiUyMHp1JTIwd2VjaHNlbG4uJTNDJTJGcCUzRSUwQSUwQSUyMCUyMCUyMCUyMCUyMCUyMCUzQ3AlM0VEaWNrZSUyMFN0ZWlubWF1ZXJuJTJDJTIwZWluZSUyMHByYWt0aXNjaGUlMjBFaW5yaWNodHVuZyUyMHVuZCUyMHZpZWwlMjBUYWdlc2xpY2h0JTIwc2NoYWZmZW4lMjBlaW5lJTIwdW5rb21wbGl6aWVydGUlMjBCYXNpcyUyQyUyMHp1JTIwZGVyJTIwU2llJTIwbmFjaCUyME1hcmt0YmVzdWNoZW4lMkMlMjBTcGF6aWVyZyVDMyVBNG5nZW4lMjBvZGVyJTIwZWluZW0lMjBCYWQlMjBpbSUyMEZsdXNzJTIwenVyJUMzJUJDY2trZWhyZW4lMkMlMjBkaWUlMjBTY2h1aGUlMjBhdXN6aWVoZW4lMjB1bmQlMjBlaW5mYWNoJTIwenVyJTIwUnVoZSUyMGtvbW1lbiUyMGslQzMlQjZubmVuLiUzQyUyRnAlM0UlMEElMEElMjAlMjAlMjAlMjAlMjAlMjAlM0NhJTIwY2xhc3MlM0QlMjJsZy1waWxsLWJ0biUyMiUyMGhyZWYlM0QlMjIlMkZkZSUyRnVuc2VyLWhhdXMlMjIlM0VEYXMlMjBIYXVzJTIwZW50ZGVja2VuJTNDJTJGYSUzRSUwQSUyMCUyMCUyMCUyMCUzQyUyRmRpdiUzRSUwQSUwQSUyMCUyMCUzQyUyRmRpdiUzRSUwQSUzQyUyRnNlY3Rpb24lM0U=[\/vc_raw_html][\/vc_column][\/vc_row][vc_row type=&#8220;in_container&#8220; full_screen_row_position=&#8220;middle&#8220; column_margin=&#8220;default&#8220; column_direction=&#8220;default&#8220; column_direction_tablet=&#8220;default&#8220; column_direction_phone=&#8220;default&#8220; scene_position=&#8220;center&#8220; top_padding=&#8220;50&#8243; text_color=&#8220;dark&#8220; text_align=&#8220;left&#8220; row_border_radius=&#8220;none&#8220; row_border_radius_applies=&#8220;bg&#8220; row_position_desktop=&#8220;default&#8220; row_position_tablet=&#8220;inherit&#8220; row_position_phone=&#8220;inherit&#8220; overflow=&#8220;visible&#8220; class=&#8220;lg-feature-section&#8220; overlay_strength=&#8220;0.3&#8243; gradient_direction=&#8220;left_to_right&#8220; shape_divider_position=&#8220;bottom&#8220; bg_image_animation=&#8220;none&#8220; el_class=&#8220;lg lg-section&#8220; gradient_type=&#8220;default&#8220; shape_type=&#8220;&#8220;][vc_column column_padding=&#8220;no-extra-padding&#8220; column_padding_tablet=&#8220;inherit&#8220; column_padding_phone=&#8220;inherit&#8220; column_padding_position=&#8220;all&#8220; flex_gap_desktop=&#8220;10px&#8220; column_element_direction_desktop=&#8220;default&#8220; column_element_spacing=&#8220;default&#8220; desktop_text_alignment=&#8220;default&#8220; tablet_text_alignment=&#8220;default&#8220; phone_text_alignment=&#8220;default&#8220; background_color_opacity=&#8220;1&#8243; background_hover_color_opacity=&#8220;1&#8243; column_backdrop_filter=&#8220;none&#8220; column_shadow=&#8220;none&#8220; column_border_radius=&#8220;none&#8220; column_link_target=&#8220;_self&#8220; column_position=&#8220;default&#8220; gradient_direction=&#8220;left_to_right&#8220; overlay_strength=&#8220;0.3&#8243; width=&#8220;1\/1&#8243; tablet_width_inherit=&#8220;default&#8220; animation_type=&#8220;default&#8220; bg_image_animation=&#8220;none&#8220; border_type=&#8220;simple&#8220; column_border_width=&#8220;none&#8220; column_border_style=&#8220;solid&#8220;][vc_raw_html css=&#8220;&#8220;]JTNDc2VjdGlvbiUyMGNsYXNzJTNEJTIybGctY3RhJTIwbGctY3RhLS1pbWFnZSUyMiUzRSUwQSUyMCUyMCUzQ2RpdiUyMGNsYXNzJTNEJTIybGctY3RhLWlubmVyJTIyJTNFJTBBJTBBJTIwJTIwJTIwJTIwJTNDaDIlMjBjbGFzcyUzRCUyMmxnLWgyJTIyJTNFSW50ZXJlc3NlJTIwYW4lMjB1bnNlcmVtJTIwSGF1cyUzRiUzQyUyRmgyJTNFJTBBJTBBJTIwJTIwJTIwJTIwJTNDcCUzRSUwQSUyMCUyMCUyMCUyMCUyMCUyMFdlbm4lMjBTaWUlMjBlaW5lbiUyMEF1ZmVudGhhbHQlMjBiZWklMjB1bnMlMjBwbGFuZW4lMkMlMjBmcmV1ZW4lMjB3aXIlMjB1bnMlMkMlMjBJaHJlJTIwRnJhZ2VuJTIwenUlMjBiZWFudHdvcnRlbiUyMHVuZCUyMElobmVuJTIwYWxsZSUyMHdlaXRlcmVuJTIwSW5mb3JtYXRpb25lbiUyMHp1ciUyMFZlcmYlQzMlQkNndW5nJTIwenUlMjBzdGVsbGVuJTJDJTIwZGllJTIwU2llJTIwYmVuJUMzJUI2dGlnZW4uJTBBJTIwJTIwJTIwJTIwJTNDJTJGcCUzRSUwQSUwQSUyMCUyMCUyMCUyMCUzQ2RpdiUyMGNsYXNzJTNEJTIybGctYnRucm93JTIyJTNFJTBBJTIwJTIwJTIwJTIwJTIwJTIwJTNDYSUyMGhyZWYlM0QlMjIlMkZkZSUyRnByZWlzZS12ZXJmdWVnYmFya2VpdCUyMiUyMGNsYXNzJTNEJTIybGctYnRuJTIwbGctYnRuLXByaW1hcnklMjIlM0VWZXJmJUMzJUJDZ2JhcmtlaXQlMjBhbnNlaGVuJTNDJTJGYSUzRSUwQSUyMCUyMCUyMCUyMCUzQyUyRmRpdiUzRSUwQSUwQSUyMCUyMCUzQyUyRmRpdiUzRSUwQSUzQyUyRnNlY3Rpb24lM0UlMEE=[\/vc_raw_html][\/vc_column][\/vc_row][vc_row type=&#8220;in_container&#8220; full_screen_row_position=&#8220;middle&#8220; column_margin=&#8220;default&#8220; column_direction=&#8220;default&#8220; column_direction_tablet=&#8220;default&#8220; column_direction_phone=&#8220;default&#8220; scene_position=&#8220;center&#8220; top_padding=&#8220;50&#8243; text_color=&#8220;dark&#8220; text_align=&#8220;left&#8220; row_border_radius=&#8220;none&#8220; row_border_radius_applies=&#8220;bg&#8220; row_position_desktop=&#8220;default&#8220; row_position_tablet=&#8220;inherit&#8220; row_position_phone=&#8220;inherit&#8220; overflow=&#8220;visible&#8220; overlay_strength=&#8220;0.3&#8243; gradient_direction=&#8220;left_to_right&#8220; shape_divider_position=&#8220;bottom&#8220; bg_image_animation=&#8220;none&#8220; gradient_type=&#8220;default&#8220; shape_type=&#8220;&#8220;][vc_column column_padding=&#8220;no-extra-padding&#8220; column_padding_tablet=&#8220;inherit&#8220; column_padding_phone=&#8220;inherit&#8220; column_padding_position=&#8220;all&#8220; flex_gap_desktop=&#8220;10px&#8220; column_element_direction_desktop=&#8220;default&#8220; column_element_spacing=&#8220;default&#8220; desktop_text_alignment=&#8220;default&#8220; tablet_text_alignment=&#8220;default&#8220; phone_text_alignment=&#8220;default&#8220; background_color_opacity=&#8220;1&#8243; background_hover_color_opacity=&#8220;1&#8243; column_backdrop_filter=&#8220;none&#8220; column_shadow=&#8220;none&#8220; column_border_radius=&#8220;none&#8220; column_link_target=&#8220;_self&#8220; column_position=&#8220;default&#8220; gradient_direction=&#8220;left_to_right&#8220; overlay_strength=&#8220;0.3&#8243; width=&#8220;1\/1&#8243; tablet_width_inherit=&#8220;default&#8220; animation_type=&#8220;default&#8220; bg_image_animation=&#8220;none&#8220; border_type=&#8220;simple&#8220; column_border_width=&#8220;none&#8220; column_border_style=&#8220;solid&#8220;][vc_column_text css=&#8220;&#8220; text_direction=&#8220;default&#8220;]\n<h3 style=\"text-align: center;\">Lage von <span style=\"white-space: nowrap;\">Le Gadif\u00e9<\/span><\/h3>\n<p style=\"text-align: center;\">Im Herzen des P\u00e9rigord Noir gelegen, befindet sich Le Gadif\u00e9 in bequemer Reichweite des Dordogne-Tals, von Domme und den sch\u00f6nsten D\u00f6rfern der Region.<\/p>\n[\/vc_column_text][vc_raw_html css=&#8220;&#8220;]JTNDZGl2JTIwY2xhc3MlM0QlMjJtYXAtcm91bmRlZCUyMiUzRSUwQSUyMCUyMCUzQ2lmcmFtZSUwQSUyMCUyMCUyMCUyMHNyYyUzRCUyMmh0dHBzJTNBJTJGJTJGd3d3Lmdvb2dsZS5jb20lMkZtYXBzJTJGZW1iZWQlM0ZwYiUzRCUyMTFtMTglMjExbTEyJTIxMW0zJTIxMWQzMDgwNS45Njk0MTk5NDgzNiUyMTJkMS4yMzI5NTgyOTI3MTEzMjU2JTIxM2Q0NC44MDM4NTQ4ODI0NjU2MTUlMjEybTMlMjExZjAlMjEyZjAlMjEzZjAlMjEzbTIlMjExaTEwMjQlMjEyaTc2OCUyMTRmMTMuMSUyMTNtMyUyMTFtMiUyMTFzMHgxMmFjYTY5Mjg4YjMxOThmJTI1M0EweDg3NTAwOTA4ZmIzMDVhNCUyMTJzMTI4JTI1MjBDaGVtLiUyNTIwZGUlMjUyMEdhZGlmJTI1QzMlMjVBOSUyNTJDJTI1MjAyNDI1MCUyNTIwRG9tbWUlMjE1ZTAlMjEzbTIlMjExc2RlJTIxMnNmciUyMTR2MTc3MTI1NjM1NDUwMSUyMTVtMiUyMTFzZGUlMjEyc2ZyJTIyJTBBJTIwJTIwJTIwJTIwd2lkdGglM0QlMjIxMDAlMjUlMjIlMEElMjAlMjAlMjAlMjBoZWlnaHQlM0QlMjI0NTAlMjIlMEElMjAlMjAlMjAlMjBzdHlsZSUzRCUyMmJvcmRlciUzQTAlM0IlMjIlMEElMjAlMjAlMjAlMjBhbGxvd2Z1bGxzY3JlZW4lM0QlMjIlMjIlMEElMjAlMjAlMjAlMjBsb2FkaW5nJTNEJTIybGF6eSUyMiUwQSUyMCUyMCUyMCUyMHJlZmVycmVycG9saWN5JTNEJTIybm8tcmVmZXJyZXItd2hlbi1kb3duZ3JhZGUlMjIlM0UlMEElMjAlMjAlM0MlMkZpZnJhbWUlM0UlMEElM0MlMkZkaXYlM0UlMEE=[\/vc_raw_html][\/vc_column][\/vc_row]\n","protected":false},"excerpt":{"rendered":"<p>[vc_row type=&#8220;in_container&#8220; full_screen_row_position=&#8220;middle&#8220; column_margin=&#8220;default&#8220; equal_height=&#8220;yes&#8220; content_placement=&#8220;middle&#8220; column_direction=&#8220;default&#8220; column_direction_tablet=&#8220;default&#8220; column_direction_phone=&#8220;default&#8220; bg_image=&#8220;149&#8243; bg_image_type=&#8220;default&#8220; bg_position=&#8220;center center&#8220; background_image_loading=&#8220;default&#8220; bg_repeat=&#8220;no-repeat&#8220; scene_position=&#8220;center&#8220; text_color=&#8220;dark&#8220; text_align=&#8220;center&#8220; row_border_radius=&#8220;none&#8220; row_border_radius_applies=&#8220;bg&#8220; row_position_desktop=&#8220;default&#8220; row_position_tablet=&#8220;inherit&#8220; row_position_phone=&#8220;inherit&#8220; overflow=&#8220;hidden&#8220; class=&#8220;lg-hero-row&#8220; overlay_strength=&#8220;0.3&#8243; gradient_direction=&#8220;left_to_right&#8220; shape_divider_position=&#8220;bottom&#8220; bg_image_animation=&#8220;none&#8220; el_class=&#8220;lg&#8230;<\/p>\n","protected":false},"author":1,"featured_media":0,"parent":0,"menu_order":0,"comment_status":"closed","ping_status":"closed","template":"","meta":{"footnotes":""},"class_list":["post-1283","page","type-page","status-publish"],"yoast_head":"<!-- This site is optimized with the Yoast SEO plugin v27.5 - https:\/\/yoast.com\/product\/yoast-seo-wordpress\/ -->\n<title>Willkommen - Le Gadif&eacute;<\/title>\n<meta name=\"robots\" content=\"index, follow, max-snippet:-1, max-image-preview:large, max-video-preview:-1\" \/>\n<link rel=\"canonical\" href=\"https:\/\/legadife.com\/de\/\" \/>\n<meta property=\"og:locale\" content=\"de_DE\" \/>\n<meta property=\"og:type\" content=\"article\" \/>\n<meta property=\"og:title\" content=\"Willkommen - Le Gadif&eacute;\" \/>\n<meta property=\"og:description\" content=\"[vc_row type=&#8220;in_container&#8220; full_screen_row_position=&#8220;middle&#8220; column_margin=&#8220;default&#8220; equal_height=&#8220;yes&#8220; content_placement=&#8220;middle&#8220; column_direction=&#8220;default&#8220; column_direction_tablet=&#8220;default&#8220; column_direction_phone=&#8220;default&#8220; bg_image=&#8220;149&#8243; bg_image_type=&#8220;default&#8220; bg_position=&#8220;center center&#8220; background_image_loading=&#8220;default&#8220; bg_repeat=&#8220;no-repeat&#8220; scene_position=&#8220;center&#8220; text_color=&#8220;dark&#8220; text_align=&#8220;center&#8220; row_border_radius=&#8220;none&#8220; row_border_radius_applies=&#8220;bg&#8220; row_position_desktop=&#8220;default&#8220; row_position_tablet=&#8220;inherit&#8220; row_position_phone=&#8220;inherit&#8220; overflow=&#8220;hidden&#8220; class=&#8220;lg-hero-row&#8220; overlay_strength=&#8220;0.3&#8243; gradient_direction=&#8220;left_to_right&#8220; shape_divider_position=&#8220;bottom&#8220; bg_image_animation=&#8220;none&#8220; el_class=&#8220;lg...\" \/>\n<meta property=\"og:url\" content=\"https:\/\/legadife.com\/de\/\" \/>\n<meta property=\"og:site_name\" content=\"Le Gadif&eacute;\" \/>\n<meta property=\"article:modified_time\" content=\"2026-03-05T10:38:08+00:00\" \/>\n<meta name=\"twitter:card\" content=\"summary_large_image\" \/>\n<meta name=\"twitter:label1\" content=\"Gesch\u00e4tzte Lesezeit\" \/>\n\t<meta name=\"twitter:data1\" content=\"2\u00a0Minuten\" \/>\n<script type=\"application\/ld+json\" class=\"yoast-schema-graph\">{\"@context\":\"https:\\\/\\\/schema.org\",\"@graph\":[{\"@type\":\"WebPage\",\"@id\":\"https:\\\/\\\/legadife.com\\\/de\\\/\",\"url\":\"https:\\\/\\\/legadife.com\\\/de\\\/\",\"name\":\"Willkommen - Le Gadif&eacute;\",\"isPartOf\":{\"@id\":\"https:\\\/\\\/legadife.com\\\/de\\\/#website\"},\"datePublished\":\"2026-02-11T12:00:45+00:00\",\"dateModified\":\"2026-03-05T10:38:08+00:00\",\"breadcrumb\":{\"@id\":\"https:\\\/\\\/legadife.com\\\/de\\\/#breadcrumb\"},\"inLanguage\":\"de\",\"potentialAction\":[{\"@type\":\"ReadAction\",\"target\":[\"https:\\\/\\\/legadife.com\\\/de\\\/\"]}]},{\"@type\":\"BreadcrumbList\",\"@id\":\"https:\\\/\\\/legadife.com\\\/de\\\/#breadcrumb\",\"itemListElement\":[{\"@type\":\"ListItem\",\"position\":1,\"name\":\"Start\",\"item\":\"https:\\\/\\\/legadife.com\\\/de\\\/willkommen\\\/\"},{\"@type\":\"ListItem\",\"position\":2,\"name\":\"Willkommen\"}]},{\"@type\":\"WebSite\",\"@id\":\"https:\\\/\\\/legadife.com\\\/de\\\/#website\",\"url\":\"https:\\\/\\\/legadife.com\\\/de\\\/\",\"name\":\"Le Gadif\u00e9\",\"description\":\"Secluded Dordogne getaway on a small homestead &ndash; relaxed, dog\u2011friendly and personally hosted by Sandra and Michael.\",\"publisher\":{\"@id\":\"https:\\\/\\\/legadife.com\\\/de\\\/#organization\"},\"potentialAction\":[{\"@type\":\"SearchAction\",\"target\":{\"@type\":\"EntryPoint\",\"urlTemplate\":\"https:\\\/\\\/legadife.com\\\/de\\\/?s={search_term_string}\"},\"query-input\":{\"@type\":\"PropertyValueSpecification\",\"valueRequired\":true,\"valueName\":\"search_term_string\"}}],\"inLanguage\":\"de\"},{\"@type\":\"Organization\",\"@id\":\"https:\\\/\\\/legadife.com\\\/de\\\/#organization\",\"name\":\"Le Gadif\u00e9\",\"url\":\"https:\\\/\\\/legadife.com\\\/de\\\/\",\"logo\":{\"@type\":\"ImageObject\",\"inLanguage\":\"de\",\"@id\":\"https:\\\/\\\/legadife.com\\\/de\\\/#\\\/schema\\\/logo\\\/image\\\/\",\"url\":\"https:\\\/\\\/legadife.com\\\/wp-content\\\/uploads\\\/2026\\\/02\\\/favicon.jpg\",\"contentUrl\":\"https:\\\/\\\/legadife.com\\\/wp-content\\\/uploads\\\/2026\\\/02\\\/favicon.jpg\",\"width\":1024,\"height\":1024,\"caption\":\"Le Gadif\u00e9\"},\"image\":{\"@id\":\"https:\\\/\\\/legadife.com\\\/de\\\/#\\\/schema\\\/logo\\\/image\\\/\"}}]}<\/script>\n<!-- \/ Yoast SEO plugin. -->","yoast_head_json":{"title":"Willkommen - Le Gadif&eacute;","robots":{"index":"index","follow":"follow","max-snippet":"max-snippet:-1","max-image-preview":"max-image-preview:large","max-video-preview":"max-video-preview:-1"},"canonical":"https:\/\/legadife.com\/de\/","og_locale":"de_DE","og_type":"article","og_title":"Willkommen - Le Gadif&eacute;","og_description":"[vc_row type=&#8220;in_container&#8220; full_screen_row_position=&#8220;middle&#8220; column_margin=&#8220;default&#8220; equal_height=&#8220;yes&#8220; content_placement=&#8220;middle&#8220; column_direction=&#8220;default&#8220; column_direction_tablet=&#8220;default&#8220; column_direction_phone=&#8220;default&#8220; bg_image=&#8220;149&#8243; bg_image_type=&#8220;default&#8220; bg_position=&#8220;center center&#8220; background_image_loading=&#8220;default&#8220; bg_repeat=&#8220;no-repeat&#8220; scene_position=&#8220;center&#8220; text_color=&#8220;dark&#8220; text_align=&#8220;center&#8220; row_border_radius=&#8220;none&#8220; row_border_radius_applies=&#8220;bg&#8220; row_position_desktop=&#8220;default&#8220; row_position_tablet=&#8220;inherit&#8220; row_position_phone=&#8220;inherit&#8220; overflow=&#8220;hidden&#8220; class=&#8220;lg-hero-row&#8220; overlay_strength=&#8220;0.3&#8243; gradient_direction=&#8220;left_to_right&#8220; shape_divider_position=&#8220;bottom&#8220; bg_image_animation=&#8220;none&#8220; el_class=&#8220;lg...","og_url":"https:\/\/legadife.com\/de\/","og_site_name":"Le Gadif&eacute;","article_modified_time":"2026-03-05T10:38:08+00:00","twitter_card":"summary_large_image","twitter_misc":{"Gesch\u00e4tzte Lesezeit":"2\u00a0Minuten"},"schema":{"@context":"https:\/\/schema.org","@graph":[{"@type":"WebPage","@id":"https:\/\/legadife.com\/de\/","url":"https:\/\/legadife.com\/de\/","name":"Willkommen - Le Gadif&eacute;","isPartOf":{"@id":"https:\/\/legadife.com\/de\/#website"},"datePublished":"2026-02-11T12:00:45+00:00","dateModified":"2026-03-05T10:38:08+00:00","breadcrumb":{"@id":"https:\/\/legadife.com\/de\/#breadcrumb"},"inLanguage":"de","potentialAction":[{"@type":"ReadAction","target":["https:\/\/legadife.com\/de\/"]}]},{"@type":"BreadcrumbList","@id":"https:\/\/legadife.com\/de\/#breadcrumb","itemListElement":[{"@type":"ListItem","position":1,"name":"Start","item":"https:\/\/legadife.com\/de\/willkommen\/"},{"@type":"ListItem","position":2,"name":"Willkommen"}]},{"@type":"WebSite","@id":"https:\/\/legadife.com\/de\/#website","url":"https:\/\/legadife.com\/de\/","name":"Le Gadif\u00e9","description":"Secluded Dordogne getaway on a small homestead &ndash; relaxed, dog\u2011friendly and personally hosted by Sandra and Michael.","publisher":{"@id":"https:\/\/legadife.com\/de\/#organization"},"potentialAction":[{"@type":"SearchAction","target":{"@type":"EntryPoint","urlTemplate":"https:\/\/legadife.com\/de\/?s={search_term_string}"},"query-input":{"@type":"PropertyValueSpecification","valueRequired":true,"valueName":"search_term_string"}}],"inLanguage":"de"},{"@type":"Organization","@id":"https:\/\/legadife.com\/de\/#organization","name":"Le Gadif\u00e9","url":"https:\/\/legadife.com\/de\/","logo":{"@type":"ImageObject","inLanguage":"de","@id":"https:\/\/legadife.com\/de\/#\/schema\/logo\/image\/","url":"https:\/\/legadife.com\/wp-content\/uploads\/2026\/02\/favicon.jpg","contentUrl":"https:\/\/legadife.com\/wp-content\/uploads\/2026\/02\/favicon.jpg","width":1024,"height":1024,"caption":"Le Gadif\u00e9"},"image":{"@id":"https:\/\/legadife.com\/de\/#\/schema\/logo\/image\/"}}]}},"jetpack_sharing_enabled":true,"_links":{"self":[{"href":"https:\/\/legadife.com\/de\/wp-json\/wp\/v2\/pages\/1283","targetHints":{"allow":["GET"]}}],"collection":[{"href":"https:\/\/legadife.com\/de\/wp-json\/wp\/v2\/pages"}],"about":[{"href":"https:\/\/legadife.com\/de\/wp-json\/wp\/v2\/types\/page"}],"author":[{"embeddable":true,"href":"https:\/\/legadife.com\/de\/wp-json\/wp\/v2\/users\/1"}],"replies":[{"embeddable":true,"href":"https:\/\/legadife.com\/de\/wp-json\/wp\/v2\/comments?post=1283"}],"version-history":[{"count":1,"href":"https:\/\/legadife.com\/de\/wp-json\/wp\/v2\/pages\/1283\/revisions"}],"predecessor-version":[{"id":1307,"href":"https:\/\/legadife.com\/de\/wp-json\/wp\/v2\/pages\/1283\/revisions\/1307"}],"wp:attachment":[{"href":"https:\/\/legadife.com\/de\/wp-json\/wp\/v2\/media?parent=1283"}],"curies":[{"name":"wp","href":"https:\/\/api.w.org\/{rel}","templated":true}]}}